{"id":5175,"date":"2017-01-06T11:38:52","date_gmt":"2017-01-06T10:38:52","guid":{"rendered":"http:\/\/medaille-charlemagne.comlounge.dev\/?page_id=5175\/"},"modified":"2021-03-25T21:03:31","modified_gmt":"2021-03-25T20:03:31","slug":"imprint","status":"publish","type":"page","link":"https:\/\/medaille-charlemagne.eu\/en\/imprint\/","title":{"rendered":"Imprint"},"content":{"rendered":"<p><strong>Angaben nach \u00a7 5 TMG:<\/strong><br \/>\nVerein M\u00e9daille Charlemagne pour les M\u00e9dias Europ\u00e9ens e.V.<\/p>\n<p><strong>Vorstand<\/strong>:<br \/>\nMichael Kayser, Vorsitzender<br \/>\nSibylle Keupen, stellvertretende Vorsitzende<br \/>\nChristiane Bertels-Heering, stellvertretende Vorsitzende<\/p>\n<p><strong>Verantwortliche \/ Gesch\u00e4ftsf\u00fchrer:<\/strong><br \/>\n<strong>Thomas Fritz&nbsp;<\/strong><br \/>\n<strong>Landesanstalt f\u00fcr Medien Nordrhein-Westfalen (LfM)<\/strong><br \/>\nZollhof 2<br \/>\n40221 D\u00fcsseldorf<br \/>\nfon: 0211 \/ 77007-0<br \/>\nfax: 0211 \/ 727170<br \/>\n<a href=\"mailto:thomas.fritz@medienanstalt-nrw.de\">thomas.fritz@medienanstalt-nrw.de<\/a><br \/>\n<a href=\"http:\/\/www.medienanstalt-nrw.de\/\" target=\"_blank\" rel=\"noopener noreferrer\">www.medienanstalt-nrw.de<\/a><br \/>\n(verantwortlich nach \u00a7 55, Absatz 2, RSTL)<\/p>\n<p><strong>Stadt Aachen<br \/>\nDie Oberb\u00fcrgermeisterin<br \/>\nSibylle Keupen<\/strong><br \/>\nRathaus<br \/>\nMarkt<br \/>\n52062 Aachen<br \/>\nfon: 0241 \/ 432-7205<br \/>\nfax: 0241 \/ 432-8008<br \/>\n<a href=\"mailto:oberbuergermeisterinbuero@mail.aachen.de\" target=\"_blank\" rel=\"noopener noreferrer\">oberbuergermeisterinbuero@mail.aachen.de<\/a><br \/>\n<a href=\"http:\/\/www.aachen.de\" target=\"_blank\" rel=\"noopener noreferrer\">www.aachen.de<br \/>\n<\/a>(Amstgericht Aachen, Vereinsregisternummer 4382)<\/p>\n<p><strong>Redaktion:<\/strong><br \/>\n<strong>Stadt Aachen \/ Online-Redaktion<\/strong><br \/>\nfon: 0241 \/ 432-1321<br \/>\nmail: onlineredaktion@mail.aachen.de<\/p>\n<p><strong>Content Management Konzeption und Realisation:<br \/>\n<a href=\"http:\/\/wesentlich.com\">wesentlich.com<\/a><\/strong><\/p>\n<p><strong>Provider:<\/strong><br \/>\n<strong>regio iT<\/strong><br \/>\n<strong>gesellschaft f\u00fcr informationstechnologie mbh<br \/>\n<\/strong>Dieter Rehfeld<br \/>\nLombardenstra\u00dfe 24<br \/>\n52070 Aachen<br \/>\nfon: 0241 \/ 41359-1600<br \/>\nfax: 0241 \/ 41354-1698<br \/>\n<a href=\"mailto:info@regioit-aachen.de\" target=\"_blank\" rel=\"noopener noreferrer\">info@regioit-aachen.de<\/a><br \/>\n<a href=\"www.regioit-aachen.de\" target=\"_blank\" rel=\"noopener noreferrer\">web: www.regioit-aachen.de<\/a><\/p>\n<p><strong>Haftungsausschluss<\/strong><br \/>\nF\u00fcr die Richtigkeit und Vollst\u00e4ndigkeit eigener Inhalte und Zusammenstellungen \u00fcbernimmt der Autor keine Gew\u00e4hr. Dasselbe gilt f\u00fcr Inhalte Dritter, die \u00fcber diesen Dienst zug\u00e4nglich gemacht werden. Die Nutzung erfolgt ausschlie\u00dflich auf eigenes Risiko des Anwenders. Der Autor lehnt jede Haftung ab. Soweit zwischen den Anwendern dieses Angebotes und dessen Autor ein Rechtsverh\u00e4ltnis bestehen sollte, untersteht dieses deutschem Recht. Dabei sind prim\u00e4r die Bundesgesetze im formellen Sinne anwendbar.<\/p>\n<p>Hinweis: Verweise und Links<\/p>\n<p>Bei direkten oder indirekten Verweisen auf fremde Internetseiten (&#8220;Links&#8221;), die au\u00dferhalb des Verantwortungsbereiches des Autors liegen, w\u00fcrde eine Haftungsverpflichtung ausschlie\u00dflich in dem Fall in Kraft treten, in dem der Autor von den Inhalten Kenntnis hat und es ihm technisch m\u00f6glich und zumutbar w\u00e4re, die Nutzung im Falle rechtswidriger Inhalte zu verhindern.<\/p>\n<p>Der Autor erkl\u00e4rt hiermit ausdr\u00fccklich, dass zum Zeitpunkt der Linksetzung keine illegalen Inhalte auf den zu verlinkenden Seiten erkennbar waren. Auf die aktuelle und zuk\u00fcnftige Gestaltung, die Inhalte oder die Urheberschaft der gelinkten\/verkn\u00fcpften Seiten hat der Autor keinerlei Einfluss. Der Autor distanziert sich ausdr\u00fccklich von nach der Linksetzung eventuell vorgenommenen \u00c4nderungen\/Erg\u00e4nzungen, die illegalen Inhalts sind.<\/p>\n<p>Sollte jemand Kenntnis davon erlangen, dass Internetseiten, auf die von www.medaille-charlemagne.eu aus verlinkt wird, rechtswidrige Inhalte enthalten, bitten wir, uns das umgehend mitzuteilen.<\/p>\n<p>Wir werden einen solchen Fall umgehend untersuchen und falls er sich best\u00e4tigt den Link von unserer Seite unverz\u00fcglich entfernen.<\/p>\n","protected":false},"excerpt":{"rendered":"<p>Angaben nach \u00a7 5 TMG: Verein M\u00e9daille Charlemagne pour les M\u00e9dias Europ\u00e9ens e.V. Vorstand: Michael Kayser, Vorsitzender Sibylle Keupen, stellvertretende&#8230;<\/p>\n<p><a href=\"https:\/\/medaille-charlemagne.eu\/en\/imprint\/\" title=\"Read Imprint\">weiterlesen &raquo;<\/a><\/p>\n","protected":false},"author":20,"featured_media":0,"parent":0,"menu_order":0,"comment_status":"closed","ping_status":"closed","template":"","meta":{"_acf_changed":false,"ngg_post_thumbnail":0,"footnotes":""},"class_list":["post-5175","page","type-page","status-publish","hentry"],"acf":[],"_links":{"self":[{"href":"https:\/\/medaille-charlemagne.eu\/en\/wp-json\/wp\/v2\/pages\/5175","targetHints":{"allow":["GET"]}}],"collection":[{"href":"https:\/\/medaille-charlemagne.eu\/en\/wp-json\/wp\/v2\/pages"}],"about":[{"href":"https:\/\/medaille-charlemagne.eu\/en\/wp-json\/wp\/v2\/types\/page"}],"author":[{"embeddable":true,"href":"https:\/\/medaille-charlemagne.eu\/en\/wp-json\/wp\/v2\/users\/20"}],"replies":[{"embeddable":true,"href":"https:\/\/medaille-charlemagne.eu\/en\/wp-json\/wp\/v2\/comments?post=5175"}],"version-history":[{"count":4,"href":"https:\/\/medaille-charlemagne.eu\/en\/wp-json\/wp\/v2\/pages\/5175\/revisions"}],"predecessor-version":[{"id":5477,"href":"https:\/\/medaille-charlemagne.eu\/en\/wp-json\/wp\/v2\/pages\/5175\/revisions\/5477"}],"wp:attachment":[{"href":"https:\/\/medaille-charlemagne.eu\/en\/wp-json\/wp\/v2\/media?parent=5175"}],"curies":[{"name":"wp","href":"https:\/\/api.w.org\/{rel}","templated":true}]}}