{"id":5181,"date":"2017-01-06T11:50:26","date_gmt":"2017-01-06T10:50:26","guid":{"rendered":"http:\/\/medaille-charlemagne.comlounge.dev\/?page_id=5181\/"},"modified":"2022-03-28T11:55:05","modified_gmt":"2022-03-28T09:55:05","slug":"the-organization","status":"publish","type":"page","link":"https:\/\/medaille-charlemagne.eu\/en\/the-organization\/","title":{"rendered":"The Association"},"content":{"rendered":"<p><strong>Members<\/strong><\/p>\n<p>Members of the Association M\u00e9daille Charlemagne pour les m\u00e9dias europ\u00e9ens are the following:<\/p>\n<ul class=\"normal\">\n<li><a href=\"http:\/\/www.aachen.de\/\">City of Aachen<\/a><\/li>\n<li><a href=\"http:\/\/www.dglive.be\/\">The German-speaking Community of the Kingdom of Belgium<\/a><\/li>\n<li><a href=\"http:\/\/www.maastricht.nl\/\">City of &nbsp;Maastricht<\/a><\/li>\n<li><a href=\"http:\/\/www.lfm-nrw.de\/\" target=\"blank\" rel=\"noopener noreferrer\">Landesanstalt f\u00fcr Medien Nordrhein-Westfalen&nbsp; <\/a>(Media Authority North Rhine-Westfalia)<\/li>\n<li><a href=\"http:\/\/www.filmstiftung.de\/\" target=\"blank\" rel=\"noopener noreferrer\">Film- und Medienstiftung Nordrhein-Westfalen <\/a>(Film- and Media Foundation North Rhine-Westfalia)<\/li>\n<li><a href=\"http:\/\/www.arte.tv\/\" target=\"blank\" rel=\"noopener noreferrer\">ARTE &#8211; Der Europ\u00e4ische Kulturkanal <\/a>(ARTE \u2013 The European Cultural Channel)<\/li>\n<li><a href=\"https:\/\/www.bbcstudios.com\/\" target=\"blank\" rel=\"noopener noreferrer\">BBC World Limited<\/a><\/li>\n<li><a href=\"http:\/\/www.deutsche-welle.de\/\" target=\"blank\" rel=\"noopener noreferrer\">Deutsche Welle<\/a><\/li>\n<li><a href=\"http:\/\/www.karlspreis.de\/\" target=\"_blank\" rel=\"noopener noreferrer\">Gesellschaft f\u00fcr die Verleihung des Internationalen Karlspreises zu Aachen <\/a>(Association for the International Charlemagne Prize of Aachen)<\/li>\n<li><a title=\"Link zur Website\" href=\"http:\/\/www.zvnrw.de\/\" target=\"_blank\" rel=\"noopener noreferrer\">Digitalpublisher und Zeitungsverlegerverband NRW e.V.<\/a>(Newspaper Publishers\u2018 Association North Rhine-Westfala)<\/li>\n<\/ul>\n<p><strong>Executive Board<\/strong><\/p>\n<p>The Executive Board consists of one Chairman and two Vice-Chairmen.<br \/>\nCurrently these are:<\/p>\n<ul>\n<li>Michael Kayser, Chairman<\/li>\n<li>Sibylle Keupen, Vice-Chairman<\/li>\n<li>Christiane Bertels-Heering, Vice-Chairman<\/li>\n<\/ul>\n<p><strong>Board of Trustees<\/strong><\/p>\n<p>The members of the Board of Trustees are committed to achieving the objectives that are associated with the Charlemagne Award for the European media. They openly discuss the selection of the prize winners.<\/p>\n<p>The Board of the Association M\u00e9daille Charlemagne pour les m\u00e9dias europ\u00e9ens consists of:<\/p>\n<ul>\n<li>Michael Kayser, Vorsitzender<\/li>\n<li>Sibylle Keupen<\/li>\n<li>Christiane Bertels-Heering<\/li>\n<li>Kurt Rathmes<\/li>\n<li>Dr. J\u00fcrgen Linden<\/li>\n<li>Paul Lambrechts<\/li>\n<li>Patrick Leusch<\/li>\n<li>Petra M\u00fcller<\/li>\n<li>Andreas M\u00fcller<\/li>\n<li>Dr. Markus Nievelstein<\/li>\n<\/ul>\n<p><strong>Management Board<\/strong><\/p>\n<p>The task of the management is to coordinate and manage the ongoing business of M\u00e9daille Charlemagne, in particular the preparation of committee meetings, reporting, control and accounting.<\/p>\n<p>Managing Directors are currently:<\/p>\n<ul class=\"normal\">\n<li>Thomas Fritz<\/li>\n<li>Claudia Wellen-Spix<\/li>\n<\/ul>\n<p><strong>Statute <\/strong><\/p>\n<p>The content of the statues to be found&nbsp; <a href=\"http:\/\/medaille-charlemagne.eu\/wp-content\/uploads\/2016\/04\/Satzung.pdf\" target=\"_blank\" rel=\"noopener noreferrer\">here.<\/a><\/p>\n<p><a href=\"https:\/\/medaille-charlemagne.eu\/wp-content\/uploads\/2022\/03\/2022-logos.jpg\"><img loading=\"lazy\" decoding=\"async\" class=\"alignnone wp-image-5543 size-full\" src=\"https:\/\/medaille-charlemagne.eu\/wp-content\/uploads\/2022\/03\/2022-logos.jpg\" alt=\"\" width=\"1049\" height=\"539\" srcset=\"https:\/\/medaille-charlemagne.eu\/wp-content\/uploads\/2022\/03\/2022-logos.jpg 1049w, https:\/\/medaille-charlemagne.eu\/wp-content\/uploads\/2022\/03\/2022-logos-637x327.jpg 637w, https:\/\/medaille-charlemagne.eu\/wp-content\/uploads\/2022\/03\/2022-logos-720x370.jpg 720w, https:\/\/medaille-charlemagne.eu\/wp-content\/uploads\/2022\/03\/2022-logos-768x395.jpg 768w, https:\/\/medaille-charlemagne.eu\/wp-content\/uploads\/2022\/03\/2022-logos-596x306.jpg 596w\" sizes=\"auto, (max-width: 1049px) 100vw, 1049px\" \/><\/a><\/p>\n","protected":false},"excerpt":{"rendered":"<p>Members Members of the Association M\u00e9daille Charlemagne pour les m\u00e9dias europ\u00e9ens are the following: City of Aachen The German-speaking Community&#8230;<\/p>\n<p><a href=\"https:\/\/medaille-charlemagne.eu\/en\/the-organization\/\" title=\"Read The Association\">weiterlesen &raquo;<\/a><\/p>\n","protected":false},"author":20,"featured_media":0,"parent":0,"menu_order":0,"comment_status":"closed","ping_status":"closed","template":"","meta":{"_acf_changed":false,"ngg_post_thumbnail":0,"footnotes":""},"class_list":["post-5181","page","type-page","status-publish","hentry"],"acf":[],"_links":{"self":[{"href":"https:\/\/medaille-charlemagne.eu\/en\/wp-json\/wp\/v2\/pages\/5181","targetHints":{"allow":["GET"]}}],"collection":[{"href":"https:\/\/medaille-charlemagne.eu\/en\/wp-json\/wp\/v2\/pages"}],"about":[{"href":"https:\/\/medaille-charlemagne.eu\/en\/wp-json\/wp\/v2\/types\/page"}],"author":[{"embeddable":true,"href":"https:\/\/medaille-charlemagne.eu\/en\/wp-json\/wp\/v2\/users\/20"}],"replies":[{"embeddable":true,"href":"https:\/\/medaille-charlemagne.eu\/en\/wp-json\/wp\/v2\/comments?post=5181"}],"version-history":[{"count":12,"href":"https:\/\/medaille-charlemagne.eu\/en\/wp-json\/wp\/v2\/pages\/5181\/revisions"}],"predecessor-version":[{"id":5547,"href":"https:\/\/medaille-charlemagne.eu\/en\/wp-json\/wp\/v2\/pages\/5181\/revisions\/5547"}],"wp:attachment":[{"href":"https:\/\/medaille-charlemagne.eu\/en\/wp-json\/wp\/v2\/media?parent=5181"}],"curies":[{"name":"wp","href":"https:\/\/api.w.org\/{rel}","templated":true}]}}