{"id":5034,"date":"2016-04-05T11:32:04","date_gmt":"2016-04-05T09:32:04","guid":{"rendered":"http:\/\/medaille-charlemagne.comlounge.dev\/die-auszeichung-2\/"},"modified":"2016-04-18T16:16:13","modified_gmt":"2016-04-18T14:16:13","slug":"die-auszeichung","status":"publish","type":"page","link":"https:\/\/medaille-charlemagne.eu\/fr\/die-auszeichung\/","title":{"rendered":"La Distinction"},"content":{"rendered":"<a href=\"http:\/\/medaille-charlemagne.eu\/wp-content\/uploads\/2016\/04\/logo_karlsmedaille.gif\"><img loading=\"lazy\" decoding=\"async\" class=\"alignnone size-full wp-image-4991\" src=\"http:\/\/medaille-charlemagne.eu\/wp-content\/uploads\/2016\/04\/logo_karlsmedaille.gif\" alt=\"logo_karlsmedaille\" width=\"345\" height=\"350\" \/><\/a>\n<p>La M\u00e9daille Charlemagne pour les m\u00e9dias europ\u00e9ens (Karlsmedaille f\u00fcr die europ\u00e4ischen Medien) est un prix des m\u00e9dias europ\u00e9ens qui r\u00e9compense une personnalit\u00e9 ou une institution qui s\u2019est illustr\u00e9e de fa\u00e7on remarquable sur le plan des m\u00e9dias dans le processus d\u2019unification europ\u00e9enne et dans la mise en forme d\u2019une identit\u00e9 europ\u00e9enne. Cette distinction est d\u00e9cern\u00e9e pour des m\u00e9rites \u00e0 l\u2019\u00e9chelle europ\u00e9enne dans les domaines de l\u2019audiovisuel (radio, t\u00e9l\u00e9vision, cin\u00e9ma, Internet) et de la presse \u00e9crite.<\/p>\n<p>La M\u00e9daille Charlemagne pour les m\u00e9dias europ\u00e9ens est d\u00e9cern\u00e9e par l\u2019association du m\u00eame nom. Le lieu de la remise du prix et le si\u00e8ge de l\u2019association est la ville europ\u00e9enne d\u2019Aix-La-Chapelle. En choisissant volontairement cet endroit, on a voulu que la remise de la M\u00e9daille ait lieu en m\u00eame temps et dans le m\u00eame contexte de fond que la remise du prix international Charlemagne.<\/p>\n<p>En tant que prix des m\u00e9dias, la M\u00e9daille Charlemagne n\u2019est pas r\u00e9mun\u00e9r\u00e9e.<\/p>\n<p>La reconnaissance des m\u00e9rites du laur\u00e9at se fait au cours d\u2019une grande c\u00e9r\u00e9monie \u00e0 l\u2019H\u00f4tel de ville d\u2019Aix-La-Chapelle o\u00f9 on lui remet une m\u00e9daille de tr\u00e8s belle facture.<\/p>\n<p><strong>L\u2019historique de la distinction<\/strong><\/p>\n<p>Jusqu\u2019en 2005, la M\u00e9daille Charlemagne pour les m\u00e9dias europ\u00e9ens \u00e9tait d\u00e9cern\u00e9e par un comit\u00e9 organisateur sans lien pr\u00e9cis compos\u00e9 de l\u2019Institut du Land de Rh\u00e9nanie du Nord-Westphalie pour les m\u00e9dias,(Landesanstalt f\u00fcr Medien Nordrhein-Westfalen) l\u2019Institut europ\u00e9en des m\u00e9dias (europ\u00e4ische Medieninstitut) et la ville d\u2019Aix-La-Chapelle.<\/p>\n<p>De l\u00e0 est n\u00e9e l\u2019id\u00e9e de donner un cadre fixe et une organisation pour ces activit\u00e9s en rapport avec la remise de la M\u00e9daille Charlemagne.<\/p>\n<p>Le 27 janvier 2006 a \u00e9t\u00e9 fond\u00e9e l\u2019association M\u00e9daille Charlemagne pour les m\u00e9dias europ\u00e9ens en tant qu\u2019autorit\u00e9 responsable de la remise du prix pour les m\u00e9dias europ\u00e9ens. Les membres fondateurs sont la ville d\u2019Aix-La-Chapelle, la communaut\u00e9 de langue germanique du royaume de Belgique, l\u2019Institut du Land de Rh\u00e9nanie du Nord-Westphalie pour les m\u00e9dias, la BBC World Limited, EOS Entertainment GmbH, EuroNews, Eurosport, la fondation du cin\u00e9ma de la Rh\u00e9nanie du Nord-Westphalie et TV 5 Monde.<\/p>\n<p><strong>La conception de la M\u00e9daille <\/strong><\/p>\n<p>L\u2019hommage des laur\u00e9ats de la M\u00e9daille Charlemagne pour les m\u00e9dias europ\u00e9ens a lieu lors de la remise d\u2019une m\u00e9daille de tr\u00e8s belle facture dans le cadre d\u2019une grande c\u00e9r\u00e9monie \u00e0 l\u2019H\u00f4tel de ville d\u2019Aix-La-Chapelle.<\/p>\n<p>L\u2019orf\u00e8vre et ma\u00eetre cr\u00e9ateur est Angela Katzy. La m\u00e9daille a un diam\u00e8tre d\u2019environ 100 mm, elle est en argent 925\/000. Sur une base argent\u00e9e, le monogramme de Charlemagne se trouve en relief et le trait final, qui \u00e9quivaut \u00e0 la signature par lequel Charlemagne paraphait son monogramme, est en lapis-lazuli encastr\u00e9 d\u2019or jaune 750\/1000.<\/p>\n<p>L\u2019artiste a consciemment utilis\u00e9 des m\u00e9taux pr\u00e9cieux pour montrer clairement la valence de l\u2019\u0153uvre de l\u2019Union europ\u00e9enne et pour symboliser l\u2019importance du projet.<\/p>\n<p>Le monogramme de Charlemagne est repr\u00e9sent\u00e9 avec les lettres en forme de croix qui composent le mot latin de Charlemagne &#8211; Karolus -, toutefois, pas \u00e9crit avec le C latin mais avec le K franc. Ceci pour bien symboliser le fait que l\u2019h\u00e9ritage de l\u2019Empire romain est pass\u00e9 \u00e0 l\u2019Empire des Francs.<\/p>\n<p>Il faut lire toutes les voyelles en partant du centre. Le fait de placer les lettres du monogramme de Charlemagne en forme de croix ne doit pas seulement souligner le rapport caract\u00e9ristique au Christianisme comme base de l\u2019Empire carolingien mais bien plus encore accentuer le fait que l\u2019empereur des Francs se consid\u00e9rait comme la premi\u00e8re personne de la Chr\u00e9tient\u00e9.<\/p>\n<p>Aujourd\u2019hui, le monogramme de Charlemagne peut valoir de symbole europ\u00e9en. Le centre de la m\u00e9daille par exemple peut \u00eatre vu aussi comme une fen\u00eatre ouverte symbolisant l\u2019ouverture de la maison commune europ\u00e9enne.<\/p>\n<p>La m\u00e9daille Charlemagne est en outre le deuxi\u00e8me prix r\u00e9alis\u00e9 par Angela Katzy. Le prix Walter-Hallstein d\u00e9cern\u00e9 par la ville de Francfort, l\u2019Universit\u00e9 Johann-Wolfgang-Goethe-de Francfort et la Dresdner Bank, pour des travaux qui ont contribu\u00e9 au d\u00e9veloppement de l\u2019Union europ\u00e9enne pour la paix, a \u00e9t\u00e9 aussi cr\u00e9\u00e9 par elle.<\/p>\n","protected":false},"excerpt":{"rendered":"<p>La M\u00e9daille Charlemagne pour les m\u00e9dias europ\u00e9ens (Karlsmedaille f\u00fcr die europ\u00e4ischen Medien) est un prix des m\u00e9dias europ\u00e9ens qui r\u00e9compense&#8230;<\/p>\n<p><a href=\"https:\/\/medaille-charlemagne.eu\/fr\/die-auszeichung\/\" title=\"Read La Distinction\">weiterlesen &raquo;<\/a><\/p>\n","protected":false},"author":20,"featured_media":0,"parent":0,"menu_order":0,"comment_status":"closed","ping_status":"closed","template":"","meta":{"_acf_changed":false,"ngg_post_thumbnail":0,"footnotes":""},"class_list":["post-5034","page","type-page","status-publish","hentry"],"acf":[],"_links":{"self":[{"href":"https:\/\/medaille-charlemagne.eu\/fr\/wp-json\/wp\/v2\/pages\/5034","targetHints":{"allow":["GET"]}}],"collection":[{"href":"https:\/\/medaille-charlemagne.eu\/fr\/wp-json\/wp\/v2\/pages"}],"about":[{"href":"https:\/\/medaille-charlemagne.eu\/fr\/wp-json\/wp\/v2\/types\/page"}],"author":[{"embeddable":true,"href":"https:\/\/medaille-charlemagne.eu\/fr\/wp-json\/wp\/v2\/users\/20"}],"replies":[{"embeddable":true,"href":"https:\/\/medaille-charlemagne.eu\/fr\/wp-json\/wp\/v2\/comments?post=5034"}],"version-history":[{"count":3,"href":"https:\/\/medaille-charlemagne.eu\/fr\/wp-json\/wp\/v2\/pages\/5034\/revisions"}],"predecessor-version":[{"id":5103,"href":"https:\/\/medaille-charlemagne.eu\/fr\/wp-json\/wp\/v2\/pages\/5034\/revisions\/5103"}],"wp:attachment":[{"href":"https:\/\/medaille-charlemagne.eu\/fr\/wp-json\/wp\/v2\/media?parent=5034"}],"curies":[{"name":"wp","href":"https:\/\/api.w.org\/{rel}","templated":true}]}}