{"id":5051,"date":"2015-12-29T14:17:33","date_gmt":"2015-12-29T13:17:33","guid":{"rendered":"http:\/\/medaille-charlemagne.comlounge.dev\/impressum-2\/"},"modified":"2021-03-25T21:03:10","modified_gmt":"2021-03-25T20:03:10","slug":"impressum","status":"publish","type":"page","link":"https:\/\/medaille-charlemagne.eu\/fr\/impressum\/","title":{"rendered":"Informations \u00e9diteurs"},"content":{"rendered":"<p><strong>Editeur \u00a7 5 TMG:<\/strong><br \/>\nM\u00e9daille Charlemagne pour les M\u00e9dias Europ\u00e9ens e.V.<\/p>\n<p><strong>Conceil<\/strong>:<br \/>\nMichael Kayser, pr\u00e9sident<br \/>\nSibylle Keupen, pr\u00e9sident d\u00e9l\u00e9gu\u00e9<br \/>\nChristiane Bertels-Heering, pr\u00e9sident d\u00e9l\u00e9gu\u00e9<\/p>\n<p><strong>Responsable \/ La Direction:<br \/>\n<\/strong><strong>Thomas Fritz&nbsp;<\/strong><br \/>\n<strong>L\u2019Institut du Land pour les m\u00e9dias de la Rh\u00e9nanie du Nord-Westphalie (LfM)<\/strong><br \/>\nZollhof 2<br \/>\n40221 D\u00fcsseldorf<br \/>\nfon: 0211 \/ 77007-0<br \/>\nfax: 0211 \/ 727170<br \/>\n<a href=\"mailto:mkamps@lfm-nrw.de\">mkamps@lfm-nrw.de<\/a><br \/>\n<a href=\"http:\/\/www.lfm-nrw.de\" target=\"_blank\" rel=\"noopener noreferrer\">www.lfm-nrw.de<br \/>\n<\/a>(responsable de \u00a7 55, Absatz 2, RSTL)<\/p>\n<p><strong>La ville d\u2019Aix-La-Chapelle<\/strong><br \/>\n<strong>Sibylle Keupen<\/strong><br \/>\nRathaus<br \/>\nMarkt<br \/>\n52062 Aachen<br \/>\nfon: 0241 \/ 432-7205<br \/>\nfax: 0241 \/ 432-8008<br \/>\n<a href=\"mailto:oberbuergermeisterinbuero@mail.aachen.de\">oberbuergermeisterinbuero@mail.aachen.de<\/a><br \/>\n<a href=\"http:\/\/www.aachen.de\" target=\"_blank\" rel=\"noopener noreferrer\">www.aachen.de<br \/>\n<\/a>(Tribunal Aix-la-Chapelle, num\u00e9ro 4382)<\/p>\n<p><strong>R\u00e9daction:<\/strong><br \/>\n<strong>Stadt Aachen \/ Online-Redaktion<\/strong><br \/>\nfon: 0241 \/ 432-1321<br \/>\n<a href=\"mailto:onlineredaktion@mail.aachen.de\">onlineredaktion@mail.aachen.de<\/a><\/p>\n<p><strong>Realisation:<\/strong><br \/>\n<strong><a href=\"http:\/\/wesentlich.com\" target=\"_blank\" rel=\"noopener noreferrer\">wesentlich.com<\/a><\/strong><\/p>\n<p><strong>Technique:<\/strong><br \/>\n<strong>regio iT<\/strong><br \/>\n<strong>gesellschaft f\u00fcr informationstechnologie mbh<br \/>\n<\/strong>Dieter Rehfeld<br \/>\nLombardenstra\u00dfe 24<br \/>\n52070 Aachen<br \/>\nfon: 0241 \/ 41359-1600<br \/>\nfax: 0241 \/ 41354-1698<br \/>\n<a href=\"mailto:info@regioit-aachen.de\" target=\"_blank\" rel=\"noopener noreferrer\">info@regioit-aachen.de<\/a><br \/>\nweb: <a href=\"http:\/\/www.regioit-aachen.de\" target=\"_blank\" rel=\"noopener noreferrer\">www.regioit-aachen.de<\/a><\/p>\n<p><strong>Avis de non-responsabilit\u00e9<br \/>\n<\/strong>L&#8217;auteur ne peut garantir que son propre contenu et les rassemblements de contenus sont exacts et complets. Cette mise en garde s&#8217;applique \u00e9galement au contenu de tiers qui sont accessibles par ce service. L&#8217;utilisation est exclusivement aux risques et p\u00e9rils de l&#8217;utilisateur. L&#8217;auteur d\u00e9cline toute responsabilit\u00e9. Pour autant qu&#8217;il y aurait une relation juridique entre les utilisateurs de cette offre et l&#8217;auteur, celle-ci est r\u00e9gie par le droit allemand. Les lois f\u00e9d\u00e9rales sont primairement applicables selon le sens formel.<\/p>\n<p>Remarque : renvois et liens<\/p>\n<p>Les renvois directs ou indirects \u00e0 destination de sites Internet tiers (&#8221; les liens &#8220;) qui ne font pas partie du domaine de responsabilit\u00e9 de l&#8217;auteur ne peuvent engager sa responsabilit\u00e9 seulement dans le cas o\u00f9 l&#8217;auteur ait eu connaissance du contenu et qu&#8217;il lui ait \u00e9t\u00e9 techniquement possible dans la limite de l&#8217;acceptable d&#8217;emp\u00eacher l&#8217;utilisation de contenus illicites.<\/p>\n<p>L&#8217;auteur d\u00e9clare explicitement qu&#8217;aucun contenu illicite n&#8217;\u00e9tait d\u00e9celable sur les sites li\u00e9s au moment de l&#8217;activation de liens. L&#8217;auteur n&#8217;a aucune influence sur la conception, le contenu ou la paternit\u00e9 actuels et futurs des sites de destination li\u00e9s. L&#8217;auteur se distancie explicitement de toute modification \/ suppl\u00e9ment de contenu illicite ayant \u00e9t\u00e9 effectu\u00e9s apr\u00e8s l&#8217;activation des liens.<\/p>\n<p>Au cas o\u00f9 quelqu&#8217;un ait connaissance de contenus illicites sur les sites Internet li\u00e9s au site d&#8217;origine <a href=\"http:\/\/www.medaille-charlemagne.eu\/francais\">www.medaille-charlemagne.eu<\/a>, nous demandons de nous en informer imm\u00e9diatement. Nous \u00e9tudierons sans d\u00e9lai un tel cas et si le contenu s&#8217;av\u00e8re illicite, nous \u00e9liminerons imm\u00e9diatement ce lien de notre site.<\/p>\n","protected":false},"excerpt":{"rendered":"<p>Editeur \u00a7 5 TMG: M\u00e9daille Charlemagne pour les M\u00e9dias Europ\u00e9ens e.V. Conceil: Michael Kayser, pr\u00e9sident Sibylle Keupen, pr\u00e9sident d\u00e9l\u00e9gu\u00e9 Christiane&#8230;<\/p>\n<p><a href=\"https:\/\/medaille-charlemagne.eu\/fr\/impressum\/\" title=\"Read Informations \u00e9diteurs\">weiterlesen &raquo;<\/a><\/p>\n","protected":false},"author":3,"featured_media":0,"parent":0,"menu_order":0,"comment_status":"closed","ping_status":"closed","template":"","meta":{"_acf_changed":false,"ngg_post_thumbnail":0,"footnotes":""},"class_list":["post-5051","page","type-page","status-publish","hentry"],"acf":[],"_links":{"self":[{"href":"https:\/\/medaille-charlemagne.eu\/fr\/wp-json\/wp\/v2\/pages\/5051","targetHints":{"allow":["GET"]}}],"collection":[{"href":"https:\/\/medaille-charlemagne.eu\/fr\/wp-json\/wp\/v2\/pages"}],"about":[{"href":"https:\/\/medaille-charlemagne.eu\/fr\/wp-json\/wp\/v2\/types\/page"}],"author":[{"embeddable":true,"href":"https:\/\/medaille-charlemagne.eu\/fr\/wp-json\/wp\/v2\/users\/3"}],"replies":[{"embeddable":true,"href":"https:\/\/medaille-charlemagne.eu\/fr\/wp-json\/wp\/v2\/comments?post=5051"}],"version-history":[{"count":6,"href":"https:\/\/medaille-charlemagne.eu\/fr\/wp-json\/wp\/v2\/pages\/5051\/revisions"}],"predecessor-version":[{"id":5476,"href":"https:\/\/medaille-charlemagne.eu\/fr\/wp-json\/wp\/v2\/pages\/5051\/revisions\/5476"}],"wp:attachment":[{"href":"https:\/\/medaille-charlemagne.eu\/fr\/wp-json\/wp\/v2\/media?parent=5051"}],"curies":[{"name":"wp","href":"https:\/\/api.w.org\/{rel}","templated":true}]}}